{"id":312,"date":"2020-08-01T12:33:31","date_gmt":"2020-08-01T12:33:31","guid":{"rendered":"https:\/\/nemeson.com\/index.php\/services\/"},"modified":"2024-08-30T19:34:19","modified_gmt":"2024-08-30T19:34:19","slug":"enjeksiyon-sistemi-nedir","status":"publish","type":"page","link":"https:\/\/nemeson.com\/index.php\/enjeksiyon-sistemi-nedir\/","title":{"rendered":"Enjeksiyon Sistemi Nedir"},"content":{"rendered":"\t\t<div data-elementor-type=\"wp-page\" data-elementor-id=\"312\" class=\"elementor elementor-312\">\n\t\t\t\t\t\t<section data-particle_enable=\"false\" data-particle-mobile-disabled=\"false\" class=\"elementor-section elementor-top-section elementor-element elementor-element-2c2e3c2 elementor-section-full_width elementor-section-height-default elementor-section-height-default\" data-id=\"2c2e3c2\" data-element_type=\"section\" data-settings=\"{&quot;background_background&quot;:&quot;classic&quot;}\">\n\t\t\t\t\t\t<div class=\"elementor-container elementor-column-gap-no\">\n\t\t\t\t\t<div class=\"aux-parallax-section elementor-column elementor-col-100 elementor-top-column elementor-element elementor-element-3b664a7\" data-id=\"3b664a7\" data-element_type=\"column\">\n\t\t\t<div class=\"elementor-widget-wrap elementor-element-populated\">\n\t\t\t\t\t\t<div class=\"elementor-element elementor-element-e54652b elementor-widget elementor-widget-aux_modern_heading\" data-id=\"e54652b\" data-element_type=\"widget\" data-widget_type=\"aux_modern_heading.default\">\n\t\t\t\t<div class=\"elementor-widget-container\">\n\t\t\t<section class=\"aux-widget-modern-heading\">\n            <div class=\"aux-widget-inner\"><h2 class=\"aux-modern-heading-primary\">Enjeksiyon Sistemi Nedir<\/h2><h3 class=\"aux-modern-heading-secondary\"><span class=\"aux-head-highlight\">Home . Services<\/span><\/h3><\/div>\n        <\/section>\t\t<\/div>\n\t\t\t\t<\/div>\n\t\t\t\t\t<\/div>\n\t\t<\/div>\n\t\t\t\t\t<\/div>\n\t\t<\/section>\n\t\t<div data-particle_enable=\"false\" data-particle-mobile-disabled=\"false\" class=\"elementor-element elementor-element-4070755 e-flex e-con-boxed e-con e-parent\" data-id=\"4070755\" data-element_type=\"container\">\n\t\t\t\t\t<div class=\"e-con-inner\">\n\t\t<div data-particle_enable=\"false\" data-particle-mobile-disabled=\"false\" class=\"elementor-element elementor-element-e8b6fcd e-con-full e-flex e-con e-child\" data-id=\"e8b6fcd\" data-element_type=\"container\">\n\t\t\t\t<div class=\"elementor-element elementor-element-c046382 aux-appear-watch-animation aux-fade-in-up elementor-widget elementor-widget-aux_modern_heading\" data-id=\"c046382\" data-element_type=\"widget\" data-widget_type=\"aux_modern_heading.default\">\n\t\t\t\t<div class=\"elementor-widget-container\">\n\t\t\t<section class=\"aux-widget-modern-heading\">\n            <div class=\"aux-widget-inner\"><h2 class=\"aux-modern-heading-primary\">\n<\/h2><h3 class=\"aux-modern-heading-secondary\"><span class=\"aux-head-highlight\">ENJEKS\u0130YON Y\u00d6NTEM\u0130 \u0130LE H\u0130DROFOB\u0130K SU \u0130T\u0130C\u0130 \u00dcR\u00dcN UYGULAMA DETAYLARI<\/span><\/h3><div class=\"aux-modern-heading-description\"><p>\u00d6zellikle toprak ile temas halinde olan zemin ve bodrum katlar\u0131n\u0131n duvar ve kolonlar\u0131nda g\u00f6r\u00fclen rutubete kar\u015f\u0131 kullan\u0131lan su ve nem yal\u0131t\u0131m sistemidir. <br \/>Bu nemlenmeler genellikle tabana yak\u0131n k\u0131s\u0131mlarda olup, 50 \u2013 60 cm y\u00fcksekli\u011fe kadar \u00e7\u0131kabilirler ve farkl\u0131 hasarlara neden olurlar: <br \/>\u2022 Yap\u0131 eleman\u0131n\u0131 tuz tahribat\u0131na u\u011frat\u0131rlar <br \/>\u2022 K\u0131lcal \u00e7atlaklar ile y\u00fckselen su beraberinde yol boyunca \u00e7\u00f6zd\u00fc\u011f\u00fc klorid ve s\u00fclfat tipi tuzlar\u0131 ta\u015f\u0131r. Bu tuzlar yap\u0131 eleman\u0131n\u0131 kaplayan s\u0131vay\u0131 tahrip etti\u011fi gibi s\u0131va ile boya katman\u0131 aras\u0131na depolanarak boya katman\u0131n\u0131n kabarmas\u0131na ve k\u0131sa s\u00fcrede d\u00f6k\u00fclmesine sebep olur. <br \/>\u2022 K\u0131lcal \u00e7atlak ile y\u00fckselen su beraberinde ta\u015f\u0131d\u0131\u011f\u0131 tuzlar ile beraber donat\u0131 korozyonunu h\u0131zland\u0131r\u0131r. \u00d6zellikle bodrum katlardaki kolonlardaki donat\u0131 korozyonu t\u00fcm binay\u0131 zay\u0131flat\u0131r. <br \/>\u2022 S\u0131van\u0131n d\u00f6k\u00fclmesi ve boyan\u0131n kabarmas\u0131 sonucu binan\u0131n i\u00e7ten yada d\u0131\u015ftan g\u00f6r\u00fcn\u00fcm\u00fcn\u00fc bozar.<br \/>Duvara enjeksiyon y\u00f6ntemi ile yap\u0131lan su yal\u0131t\u0131m uygulamas\u0131 ile rutubet sorunu kal\u0131c\u0131 olarak \u00e7\u00f6z\u00fcmlenir.<\/p><p>UYGULAMA \u00d6ZELL\u0130KLER\u0130<\/p><p>\u2022 Su bazl\u0131 ve kokusuzdur, ya\u015fam alanlar\u0131nda uygulanabilir.<br \/>\u2022 \u00c7ok d\u00fc\u015f\u00fck viskozitededir. D\u00fc\u015f\u00fck viskoziteli oldu\u011fundan, duvar\u0131n en k\u00fc\u00e7\u00fck g\u00f6zeneklerine ve k\u0131lcal \u00e7atlaklar\u0131na n\u00fcfuz edebilir.<br \/>\u2022 Uygulamas\u0131 kolay. sonu\u00e7lar\u0131 kal\u0131c\u0131d\u0131r<br \/>\u2022 Ekonomiktir. <br \/>\u2022 H\u0131zl\u0131 uygulan\u0131r.<\/p><p>UYGULAMA ALANLARI<br \/>\u2022 Toprak ile temas halinde olan ve rutubet g\u00f6r\u00fclen<br \/>\u2022 Delikli ve dolu tu\u011fla <br \/>\u2022 Beton, gazbeton <br \/>\u2022 S\u0131va, <br \/>\u2022 Briket, <br \/>\u2022 Ta\u015f ve ba\u011f harc\u0131, <br \/>\u2022 Horasan harc\u0131 <br \/>gibi emici ve mineral esasl\u0131 duvar ve kolonlara yal\u0131t\u0131m\u00a0yap\u0131labilir.<\/p><\/div><\/div>\n        <\/section>\t\t<\/div>\n\t\t\t\t<\/div>\n\t\t\t\t<\/div>\n\t\t<div data-particle_enable=\"false\" data-particle-mobile-disabled=\"false\" class=\"elementor-element elementor-element-61be3be e-con-full e-flex e-con e-child\" data-id=\"61be3be\" data-element_type=\"container\">\n\t\t<div data-particle_enable=\"false\" data-particle-mobile-disabled=\"false\" class=\"elementor-element elementor-element-98b6700 e-con-full e-flex e-con e-child\" data-id=\"98b6700\" data-element_type=\"container\">\n\t\t\t\t<div class=\"elementor-element elementor-element-9351020 elementor-widget elementor-widget-video\" data-id=\"9351020\" data-element_type=\"widget\" data-settings=\"{&quot;youtube_url&quot;:&quot;https:\\\/\\\/www.youtube.com\\\/watch?v=ZWsEbN7Qsn4&quot;,&quot;mute&quot;:&quot;yes&quot;,&quot;loop&quot;:&quot;yes&quot;,&quot;modestbranding&quot;:&quot;yes&quot;,&quot;video_type&quot;:&quot;youtube&quot;,&quot;controls&quot;:&quot;yes&quot;}\" data-widget_type=\"video.default\">\n\t\t\t\t<div class=\"elementor-widget-container\">\n\t\t\t\t\t<div class=\"elementor-wrapper elementor-open-inline\">\n\t\t\t<div class=\"elementor-video\"><\/div>\t\t<\/div>\n\t\t\t\t<\/div>\n\t\t\t\t<\/div>\n\t\t\t\t<\/div>\n\t\t\t\t<div class=\"elementor-element elementor-element-e7b408a elementor-widget elementor-widget-video\" data-id=\"e7b408a\" data-element_type=\"widget\" data-settings=\"{&quot;youtube_url&quot;:&quot;https:\\\/\\\/youtu.be\\\/E6UWkCt9xN4?si=5yQelTnj8Zw50xZQ&quot;,&quot;video_type&quot;:&quot;youtube&quot;,&quot;controls&quot;:&quot;yes&quot;}\" data-widget_type=\"video.default\">\n\t\t\t\t<div class=\"elementor-widget-container\">\n\t\t\t\t\t<div class=\"elementor-wrapper elementor-open-inline\">\n\t\t\t<div class=\"elementor-video\"><\/div>\t\t<\/div>\n\t\t\t\t<\/div>\n\t\t\t\t<\/div>\n\t\t\t\t<\/div>\n\t\t\t\t\t<\/div>\n\t\t\t\t<\/div>\n\t\t\t\t<\/div>\n\t\t","protected":false},"excerpt":{"rendered":"<p>Enjeksiyon Sistemi Nedir Home . Services ENJEKS\u0130YON Y\u00d6NTEM\u0130 \u0130LE H\u0130DROFOB\u0130K SU \u0130T\u0130C\u0130 \u00dcR\u00dcN UYGULAMA DETAYLARI \u00d6zellikle toprak ile temas halinde olan zemin ve bodrum katlar\u0131n\u0131n duvar ve kolonlar\u0131nda g\u00f6r\u00fclen rutubete kar\u015f\u0131 kullan\u0131lan su ve nem yal\u0131t\u0131m sistemidir. Bu nemlenmeler genellikle tabana yak\u0131n k\u0131s\u0131mlarda olup, 50 \u2013 60 cm y\u00fcksekli\u011fe kadar \u00e7\u0131kabilirler ve farkl\u0131 hasarlara neden [&hellip;]<\/p>\n","protected":false},"author":1,"featured_media":0,"parent":0,"menu_order":0,"comment_status":"closed","ping_status":"closed","template":"templates\/page-builder-content.php","meta":{"footnotes":""},"class_list":["post-312","page","type-page","status-publish","hentry"],"_links":{"self":[{"href":"https:\/\/nemeson.com\/index.php\/wp-json\/wp\/v2\/pages\/312"}],"collection":[{"href":"https:\/\/nemeson.com\/index.php\/wp-json\/wp\/v2\/pages"}],"about":[{"href":"https:\/\/nemeson.com\/index.php\/wp-json\/wp\/v2\/types\/page"}],"author":[{"embeddable":true,"href":"https:\/\/nemeson.com\/index.php\/wp-json\/wp\/v2\/users\/1"}],"replies":[{"embeddable":true,"href":"https:\/\/nemeson.com\/index.php\/wp-json\/wp\/v2\/comments?post=312"}],"version-history":[{"count":28,"href":"https:\/\/nemeson.com\/index.php\/wp-json\/wp\/v2\/pages\/312\/revisions"}],"predecessor-version":[{"id":663,"href":"https:\/\/nemeson.com\/index.php\/wp-json\/wp\/v2\/pages\/312\/revisions\/663"}],"wp:attachment":[{"href":"https:\/\/nemeson.com\/index.php\/wp-json\/wp\/v2\/media?parent=312"}],"curies":[{"name":"wp","href":"https:\/\/api.w.org\/{rel}","templated":true}]}}